{"id":107,"date":"2025-12-28T20:30:22","date_gmt":"2025-12-28T20:30:22","guid":{"rendered":"https:\/\/buildingdreamspreschool.org\/?page_id=107"},"modified":"2026-05-10T20:28:26","modified_gmt":"2026-05-10T20:28:26","slug":"vpk-program","status":"publish","type":"page","link":"https:\/\/buildingdreamspreschool.org\/es\/vpk-program\/","title":{"rendered":"Programa VPK"},"content":{"rendered":"<p>Nuestro curr\u00edculo aprobado por el estado de Florida prepara a los ni\u00f1os para el kindergarten enfoc\u00e1ndose en alfabetizaci\u00f3n, matem\u00e1ticas b\u00e1sicas, habilidades socioemocionales y creatividad. Las actividades combinan aprendizaje estructurado y basado en el juego, fomentando la participaci\u00f3n activa, la resoluci\u00f3n de problemas y la interacci\u00f3n social. Tambi\u00e9n se enfatizan la comunicaci\u00f3n, la curiosidad intelectual y la confianza en s\u00ed mismos para garantizar una transici\u00f3n exitosa hacia la educaci\u00f3n primaria.<\/p>","protected":false},"excerpt":{"rendered":"<p>Our Florida-approved curriculum prepares children for kindergarten by focusing on literacy, basic math, socio-emotional skills, and creativity. Activities combine structured and play-based learning, encouraging active [&hellip;]<\/p>\n","protected":false},"author":1,"featured_media":0,"parent":0,"menu_order":0,"comment_status":"closed","ping_status":"closed","template":"","meta":{"footnotes":""},"class_list":["post-107","page","type-page","status-publish","hentry"],"_hostinger_reach_plugin_has_subscription_block":false,"_hostinger_reach_plugin_is_elementor":false,"_links":{"self":[{"href":"https:\/\/buildingdreamspreschool.org\/es\/wp-json\/wp\/v2\/pages\/107","targetHints":{"allow":["GET"]}}],"collection":[{"href":"https:\/\/buildingdreamspreschool.org\/es\/wp-json\/wp\/v2\/pages"}],"about":[{"href":"https:\/\/buildingdreamspreschool.org\/es\/wp-json\/wp\/v2\/types\/page"}],"author":[{"embeddable":true,"href":"https:\/\/buildingdreamspreschool.org\/es\/wp-json\/wp\/v2\/users\/1"}],"replies":[{"embeddable":true,"href":"https:\/\/buildingdreamspreschool.org\/es\/wp-json\/wp\/v2\/comments?post=107"}],"version-history":[{"count":5,"href":"https:\/\/buildingdreamspreschool.org\/es\/wp-json\/wp\/v2\/pages\/107\/revisions"}],"predecessor-version":[{"id":220,"href":"https:\/\/buildingdreamspreschool.org\/es\/wp-json\/wp\/v2\/pages\/107\/revisions\/220"}],"wp:attachment":[{"href":"https:\/\/buildingdreamspreschool.org\/es\/wp-json\/wp\/v2\/media?parent=107"}],"curies":[{"name":"wp","href":"https:\/\/api.w.org\/{rel}","templated":true}]}}