{"id":25,"date":"2023-12-17T05:35:57","date_gmt":"2023-12-17T05:35:57","guid":{"rendered":"https:\/\/creativthemes.com\/theme-demo\/schoolkids-pro\/?page_id=25"},"modified":"2026-05-10T20:27:59","modified_gmt":"2026-05-10T20:27:59","slug":"where-dreams-grow","status":"publish","type":"page","link":"https:\/\/buildingdreamspreschool.org\/es\/where-dreams-grow\/","title":{"rendered":"Donde los Sue\u00f1os Crecen"},"content":{"rendered":"<p>Bienvenidos a Building Dreams Preschool, un ambiente seguro, cari\u00f1oso y educativo donde los ni\u00f1os aprenden, crecen y se desarrollan cada d\u00eda. Con dos convenientes ubicaciones, estamos comprometidos en brindar educaci\u00f3n infantil de alta calidad que construya s\u00f3lidas bases acad\u00e9micas y emocionales.<\/p>\n\n\n\n<p>Creemos que cada ni\u00f1o merece amor, respeto y la oportunidad de alcanzar su m\u00e1ximo potencial. En Building Dreams Preschool fomentamos la curiosidad, la creatividad y la confianza desde los primeros a\u00f1os. Nuestro personal capacitado ofrece actividades dise\u00f1adas para estimular el desarrollo cognitivo, social y emocional de cada ni\u00f1o, adapt\u00e1ndose a sus necesidades individuales.<\/p>\n\n\n\n<p>Tambi\u00e9n promovemos la participaci\u00f3n familiar como una parte esencial del proceso de aprendizaje, creando una comunidad cercana y de apoyo. Nuestro objetivo es cultivar un ambiente donde cada ni\u00f1o se sienta valorado, seguro y motivado a explorar, aprender y so\u00f1ar en grande.<\/p>\n\n\n\n<p><\/p>","protected":false},"excerpt":{"rendered":"<p>Welcome to Building Dreams Preschool a safe, loving, and educational environment where children learn, grow, and develop every day. With two convenient locations, we are [&hellip;]<\/p>\n","protected":false},"author":1,"featured_media":87,"parent":0,"menu_order":0,"comment_status":"closed","ping_status":"closed","template":"","meta":{"footnotes":""},"class_list":["post-25","page","type-page","status-publish","has-post-thumbnail","hentry"],"_hostinger_reach_plugin_has_subscription_block":false,"_hostinger_reach_plugin_is_elementor":false,"_links":{"self":[{"href":"https:\/\/buildingdreamspreschool.org\/es\/wp-json\/wp\/v2\/pages\/25","targetHints":{"allow":["GET"]}}],"collection":[{"href":"https:\/\/buildingdreamspreschool.org\/es\/wp-json\/wp\/v2\/pages"}],"about":[{"href":"https:\/\/buildingdreamspreschool.org\/es\/wp-json\/wp\/v2\/types\/page"}],"author":[{"embeddable":true,"href":"https:\/\/buildingdreamspreschool.org\/es\/wp-json\/wp\/v2\/users\/1"}],"replies":[{"embeddable":true,"href":"https:\/\/buildingdreamspreschool.org\/es\/wp-json\/wp\/v2\/comments?post=25"}],"version-history":[{"count":3,"href":"https:\/\/buildingdreamspreschool.org\/es\/wp-json\/wp\/v2\/pages\/25\/revisions"}],"predecessor-version":[{"id":206,"href":"https:\/\/buildingdreamspreschool.org\/es\/wp-json\/wp\/v2\/pages\/25\/revisions\/206"}],"wp:featuredmedia":[{"embeddable":true,"href":"https:\/\/buildingdreamspreschool.org\/es\/wp-json\/wp\/v2\/media\/87"}],"wp:attachment":[{"href":"https:\/\/buildingdreamspreschool.org\/es\/wp-json\/wp\/v2\/media?parent=25"}],"curies":[{"name":"wp","href":"https:\/\/api.w.org\/{rel}","templated":true}]}}