{"id":26,"date":"2023-12-17T05:36:23","date_gmt":"2023-12-17T05:36:23","guid":{"rendered":"https:\/\/creativthemes.com\/theme-demo\/schoolkids-pro\/?page_id=26"},"modified":"2026-05-10T20:29:45","modified_gmt":"2026-05-10T20:29:45","slug":"special-care-for-your-children","status":"publish","type":"page","link":"https:\/\/buildingdreamspreschool.org\/es\/special-care-for-your-children\/","title":{"rendered":"Cuidado Especial para Sus Hijos"},"content":{"rendered":"<p>En Building Dreams Preschool, cada ni\u00f1o recibe atenci\u00f3n personalizada en un ambiente seguro, cari\u00f1oso y acogedor. Nuestro dedicado equipo se enfoca en el desarrollo emocional, social y educativo de cada ni\u00f1o, ayud\u00e1ndolos a crecer con confianza, creatividad y alegr\u00eda. Creemos que cada ni\u00f1o es \u00fanico y estamos comprometidos en brindar el cuidado, apoyo y orientaci\u00f3n que necesitan durante estos importantes primeros a\u00f1os.<\/p>\n\n\n\n<p><\/p>","protected":false},"excerpt":{"rendered":"<p>At Building Dreams Preschool, every child receives personalized attention in a safe, loving, and nurturing environment. Our dedicated team focuses on each child\u2019s emotional, social, [&hellip;]<\/p>\n","protected":false},"author":1,"featured_media":141,"parent":0,"menu_order":0,"comment_status":"closed","ping_status":"closed","template":"","meta":{"footnotes":""},"class_list":["post-26","page","type-page","status-publish","has-post-thumbnail","hentry"],"_hostinger_reach_plugin_has_subscription_block":false,"_hostinger_reach_plugin_is_elementor":false,"_links":{"self":[{"href":"https:\/\/buildingdreamspreschool.org\/es\/wp-json\/wp\/v2\/pages\/26","targetHints":{"allow":["GET"]}}],"collection":[{"href":"https:\/\/buildingdreamspreschool.org\/es\/wp-json\/wp\/v2\/pages"}],"about":[{"href":"https:\/\/buildingdreamspreschool.org\/es\/wp-json\/wp\/v2\/types\/page"}],"author":[{"embeddable":true,"href":"https:\/\/buildingdreamspreschool.org\/es\/wp-json\/wp\/v2\/users\/1"}],"replies":[{"embeddable":true,"href":"https:\/\/buildingdreamspreschool.org\/es\/wp-json\/wp\/v2\/comments?post=26"}],"version-history":[{"count":2,"href":"https:\/\/buildingdreamspreschool.org\/es\/wp-json\/wp\/v2\/pages\/26\/revisions"}],"predecessor-version":[{"id":210,"href":"https:\/\/buildingdreamspreschool.org\/es\/wp-json\/wp\/v2\/pages\/26\/revisions\/210"}],"wp:featuredmedia":[{"embeddable":true,"href":"https:\/\/buildingdreamspreschool.org\/es\/wp-json\/wp\/v2\/media\/141"}],"wp:attachment":[{"href":"https:\/\/buildingdreamspreschool.org\/es\/wp-json\/wp\/v2\/media?parent=26"}],"curies":[{"name":"wp","href":"https:\/\/api.w.org\/{rel}","templated":true}]}}