{"id":27,"date":"2023-12-17T05:36:55","date_gmt":"2023-12-17T05:36:55","guid":{"rendered":"https:\/\/creativthemes.com\/theme-demo\/schoolkids-pro\/?page_id=27"},"modified":"2026-05-10T20:30:35","modified_gmt":"2026-05-10T20:30:35","slug":"best-child-care","status":"publish","type":"page","link":"https:\/\/buildingdreamspreschool.org\/es\/best-child-care\/","title":{"rendered":"Brindando la Mejor Calidad para Sus Hijos"},"content":{"rendered":"<p>En Building Dreams Preschool, estamos comprometidos en ayudar a cada ni\u00f1o a desarrollar los valores, habilidades y confianza necesarios para un futuro brillante. A trav\u00e9s de un ambiente cari\u00f1oso, experiencias de aprendizaje din\u00e1micas y maestras dedicadas, fomentamos la creatividad, la curiosidad, el respeto y la independencia en cada etapa del desarrollo infantil temprano.<\/p>","protected":false},"excerpt":{"rendered":"<p>At Building Dreams Preschool, we are committed to helping every child develop the values, skills, and confidence needed for a bright future. Through a caring [&hellip;]<\/p>\n","protected":false},"author":1,"featured_media":144,"parent":0,"menu_order":0,"comment_status":"closed","ping_status":"closed","template":"","meta":{"footnotes":""},"class_list":["post-27","page","type-page","status-publish","has-post-thumbnail","hentry"],"_hostinger_reach_plugin_has_subscription_block":false,"_hostinger_reach_plugin_is_elementor":false,"_links":{"self":[{"href":"https:\/\/buildingdreamspreschool.org\/es\/wp-json\/wp\/v2\/pages\/27","targetHints":{"allow":["GET"]}}],"collection":[{"href":"https:\/\/buildingdreamspreschool.org\/es\/wp-json\/wp\/v2\/pages"}],"about":[{"href":"https:\/\/buildingdreamspreschool.org\/es\/wp-json\/wp\/v2\/types\/page"}],"author":[{"embeddable":true,"href":"https:\/\/buildingdreamspreschool.org\/es\/wp-json\/wp\/v2\/users\/1"}],"replies":[{"embeddable":true,"href":"https:\/\/buildingdreamspreschool.org\/es\/wp-json\/wp\/v2\/comments?post=27"}],"version-history":[{"count":3,"href":"https:\/\/buildingdreamspreschool.org\/es\/wp-json\/wp\/v2\/pages\/27\/revisions"}],"predecessor-version":[{"id":212,"href":"https:\/\/buildingdreamspreschool.org\/es\/wp-json\/wp\/v2\/pages\/27\/revisions\/212"}],"wp:featuredmedia":[{"embeddable":true,"href":"https:\/\/buildingdreamspreschool.org\/es\/wp-json\/wp\/v2\/media\/144"}],"wp:attachment":[{"href":"https:\/\/buildingdreamspreschool.org\/es\/wp-json\/wp\/v2\/media?parent=27"}],"curies":[{"name":"wp","href":"https:\/\/api.w.org\/{rel}","templated":true}]}}