{"id":33,"date":"2023-12-17T05:38:09","date_gmt":"2023-12-17T05:38:09","guid":{"rendered":"https:\/\/creativthemes.com\/theme-demo\/schoolkids-pro\/?page_id=33"},"modified":"2026-05-10T20:31:17","modified_gmt":"2026-05-10T20:31:17","slug":"infants-0-12-months","status":"publish","type":"page","link":"https:\/\/buildingdreamspreschool.org\/es\/infants-0-12-months\/","title":{"rendered":"Infantes (0\u201312 Meses)"},"content":{"rendered":"<p>Los infantes reciben cuidado seguro y cari\u00f1oso que apoya el desarrollo sensorial y cognitivo a trav\u00e9s del tummy time, la exploraci\u00f3n visual y t\u00e1ctil, y la exposici\u00f3n a sonidos suaves. Los cuidadores brindan alimentaci\u00f3n, cambio de pa\u00f1ales y rutinas seguras de sue\u00f1o mientras fomentan habilidades motoras tempranas como alcanzar, agarrar, rodar y sentarse con apoyo. El crecimiento emocional y social se fortalece mediante interacciones afectuosas, v\u00ednculos y comunicaci\u00f3n receptiva, sentando las bases para un apego saludable y la curiosidad.<\/p>","protected":false},"excerpt":{"rendered":"<p>Infants receive safe and loving care that supports sensory and cognitive development through tummy time, visual and tactile exploration, and exposure to gentle sounds. Caregivers [&hellip;]<\/p>\n","protected":false},"author":1,"featured_media":0,"parent":0,"menu_order":0,"comment_status":"closed","ping_status":"closed","template":"","meta":{"footnotes":""},"class_list":["post-33","page","type-page","status-publish","hentry"],"_hostinger_reach_plugin_has_subscription_block":false,"_hostinger_reach_plugin_is_elementor":false,"_links":{"self":[{"href":"https:\/\/buildingdreamspreschool.org\/es\/wp-json\/wp\/v2\/pages\/33","targetHints":{"allow":["GET"]}}],"collection":[{"href":"https:\/\/buildingdreamspreschool.org\/es\/wp-json\/wp\/v2\/pages"}],"about":[{"href":"https:\/\/buildingdreamspreschool.org\/es\/wp-json\/wp\/v2\/types\/page"}],"author":[{"embeddable":true,"href":"https:\/\/buildingdreamspreschool.org\/es\/wp-json\/wp\/v2\/users\/1"}],"replies":[{"embeddable":true,"href":"https:\/\/buildingdreamspreschool.org\/es\/wp-json\/wp\/v2\/comments?post=33"}],"version-history":[{"count":4,"href":"https:\/\/buildingdreamspreschool.org\/es\/wp-json\/wp\/v2\/pages\/33\/revisions"}],"predecessor-version":[{"id":217,"href":"https:\/\/buildingdreamspreschool.org\/es\/wp-json\/wp\/v2\/pages\/33\/revisions\/217"}],"wp:attachment":[{"href":"https:\/\/buildingdreamspreschool.org\/es\/wp-json\/wp\/v2\/media?parent=33"}],"curies":[{"name":"wp","href":"https:\/\/api.w.org\/{rel}","templated":true}]}}