{"id":34,"date":"2023-12-17T05:38:17","date_gmt":"2023-12-17T05:38:17","guid":{"rendered":"https:\/\/creativthemes.com\/theme-demo\/schoolkids-pro\/?page_id=34"},"modified":"2026-05-10T20:29:22","modified_gmt":"2026-05-10T20:29:22","slug":"toddlers-1-2-years","status":"publish","type":"page","link":"https:\/\/buildingdreamspreschool.org\/es\/toddlers-1-2-years\/","title":{"rendered":"Ni\u00f1os Peque\u00f1os (1\u20132 A\u00f1os)"},"content":{"rendered":"<p>Esta etapa se enfoca en el desarrollo del lenguaje y las habilidades motoras mediante el juego activo, canciones y actividades de imitaci\u00f3n. Las rutinas diarias promueven la independencia, los h\u00e1bitos de higiene y la socializaci\u00f3n, mientras fomentan la curiosidad y la resoluci\u00f3n simple de problemas. La interacci\u00f3n constante con cuidadores y compa\u00f1eros fortalece la comunicaci\u00f3n, la autoestima y el desarrollo emocional.<\/p>","protected":false},"excerpt":{"rendered":"<p>This stage focuses on language development and motor skills through active play, songs, and imitation activities. Daily routines promote independence, hygiene habits, and socialization while [&hellip;]<\/p>\n","protected":false},"author":1,"featured_media":0,"parent":0,"menu_order":0,"comment_status":"closed","ping_status":"closed","template":"","meta":{"footnotes":""},"class_list":["post-34","page","type-page","status-publish","hentry"],"_hostinger_reach_plugin_has_subscription_block":false,"_hostinger_reach_plugin_is_elementor":false,"_links":{"self":[{"href":"https:\/\/buildingdreamspreschool.org\/es\/wp-json\/wp\/v2\/pages\/34","targetHints":{"allow":["GET"]}}],"collection":[{"href":"https:\/\/buildingdreamspreschool.org\/es\/wp-json\/wp\/v2\/pages"}],"about":[{"href":"https:\/\/buildingdreamspreschool.org\/es\/wp-json\/wp\/v2\/types\/page"}],"author":[{"embeddable":true,"href":"https:\/\/buildingdreamspreschool.org\/es\/wp-json\/wp\/v2\/users\/1"}],"replies":[{"embeddable":true,"href":"https:\/\/buildingdreamspreschool.org\/es\/wp-json\/wp\/v2\/comments?post=34"}],"version-history":[{"count":4,"href":"https:\/\/buildingdreamspreschool.org\/es\/wp-json\/wp\/v2\/pages\/34\/revisions"}],"predecessor-version":[{"id":218,"href":"https:\/\/buildingdreamspreschool.org\/es\/wp-json\/wp\/v2\/pages\/34\/revisions\/218"}],"wp:attachment":[{"href":"https:\/\/buildingdreamspreschool.org\/es\/wp-json\/wp\/v2\/media?parent=34"}],"curies":[{"name":"wp","href":"https:\/\/api.w.org\/{rel}","templated":true}]}}