{"id":35,"date":"2023-12-17T05:38:25","date_gmt":"2023-12-17T05:38:25","guid":{"rendered":"https:\/\/creativthemes.com\/theme-demo\/schoolkids-pro\/?page_id=35"},"modified":"2026-05-10T20:31:09","modified_gmt":"2026-05-10T20:31:09","slug":"preschool-3-4-years","status":"publish","type":"page","link":"https:\/\/buildingdreamspreschool.org\/es\/preschool-3-4-years\/","title":{"rendered":"Preescolar (3\u20134 A\u00f1os)"},"content":{"rendered":"<p>La alfabetizaci\u00f3n temprana, las habilidades b\u00e1sicas de matem\u00e1ticas y el desarrollo social se fomentan mediante el juego estructurado y creativo. Las actividades promueven la coordinaci\u00f3n, la memoria, el pensamiento l\u00f3gico y la cooperaci\u00f3n con otros ni\u00f1os. Tambi\u00e9n se refuerzan la independencia, la regulaci\u00f3n emocional y la capacidad de seguir instrucciones, preparando a los ni\u00f1os para una transici\u00f3n exitosa al kindergarten.<\/p>\n\n\n\n<p><\/p>","protected":false},"excerpt":{"rendered":"<p>Early literacy, basic math skills, and social development are encouraged through structured and creative play. Activities promote coordination, memory, logical thinking, and cooperation with other [&hellip;]<\/p>\n","protected":false},"author":1,"featured_media":0,"parent":0,"menu_order":0,"comment_status":"closed","ping_status":"closed","template":"","meta":{"footnotes":""},"class_list":["post-35","page","type-page","status-publish","hentry"],"_hostinger_reach_plugin_has_subscription_block":false,"_hostinger_reach_plugin_is_elementor":false,"_links":{"self":[{"href":"https:\/\/buildingdreamspreschool.org\/es\/wp-json\/wp\/v2\/pages\/35","targetHints":{"allow":["GET"]}}],"collection":[{"href":"https:\/\/buildingdreamspreschool.org\/es\/wp-json\/wp\/v2\/pages"}],"about":[{"href":"https:\/\/buildingdreamspreschool.org\/es\/wp-json\/wp\/v2\/types\/page"}],"author":[{"embeddable":true,"href":"https:\/\/buildingdreamspreschool.org\/es\/wp-json\/wp\/v2\/users\/1"}],"replies":[{"embeddable":true,"href":"https:\/\/buildingdreamspreschool.org\/es\/wp-json\/wp\/v2\/comments?post=35"}],"version-history":[{"count":5,"href":"https:\/\/buildingdreamspreschool.org\/es\/wp-json\/wp\/v2\/pages\/35\/revisions"}],"predecessor-version":[{"id":230,"href":"https:\/\/buildingdreamspreschool.org\/es\/wp-json\/wp\/v2\/pages\/35\/revisions\/230"}],"wp:attachment":[{"href":"https:\/\/buildingdreamspreschool.org\/es\/wp-json\/wp\/v2\/media?parent=35"}],"curies":[{"name":"wp","href":"https:\/\/api.w.org\/{rel}","templated":true}]}}