{"id":8,"date":"2023-12-17T05:24:59","date_gmt":"2023-12-17T05:24:59","guid":{"rendered":"https:\/\/creativthemes.com\/theme-demo\/schoolkids-pro\/?page_id=6"},"modified":"2026-05-10T20:26:25","modified_gmt":"2026-05-10T20:26:25","slug":"who-we-are","status":"publish","type":"page","link":"https:\/\/buildingdreamspreschool.org\/es\/who-we-are\/","title":{"rendered":"Qui\u00e9nes Somos"},"content":{"rendered":"<p>Building Dreams Preschool fue fundado el 24 de febrero de 2012, cuando Yelixy Garc\u00eda Torres adquiri\u00f3 el centro y dio forma a un proyecto educativo desarrollado con dedicaci\u00f3n y vocaci\u00f3n a lo largo de los a\u00f1os.<\/p>\n\n\n\n<p>Desde el principio, el objetivo ha sido crear un espacio donde los ni\u00f1os puedan crecer felices, seguros y rodeados de cari\u00f1o, en un ambiente que promueva el respeto, la protecci\u00f3n y la confianza en s\u00ed mismos.<\/p>\n\n\n\n<p>El nombre Building Dreams Preschool refleja la creencia de que la infancia temprana es la base del futuro. Cada experiencia educativa, cada acto de cuidado y cada ense\u00f1anza contribuyen a formar ni\u00f1os seguros, capaces y confiados.<\/p>\n\n\n\n<p>Con el tiempo, el proyecto se expandi\u00f3 y ahora cuenta con dos ubicaciones: Building Dreams Preschool I y Building Dreams Preschool II. Ambas comparten los mismos valores, la misma visi\u00f3n educativa y un fuerte compromiso con la educaci\u00f3n de calidad y el bienestar de cada familia.<\/p>\n\n\n\n<p>Building Dreams Preschool se fundamenta en la creencia de que las metas pueden alcanzarse mediante el esfuerzo, la dedicaci\u00f3n y el apoyo de un equipo comprometido, consolid\u00e1ndose como una comunidad educativa que contin\u00faa creciendo d\u00eda a d\u00eda.<\/p>\n\n\n\n<p><\/p>","protected":false},"excerpt":{"rendered":"<p>Building Dreams Preschool was founded on February 24, 2012, when Yelixy Garc\u00eda Torres acquired the center and shaped an educational project that had been developed [&hellip;]<\/p>\n","protected":false},"author":1,"featured_media":0,"parent":0,"menu_order":0,"comment_status":"closed","ping_status":"closed","template":"","meta":{"footnotes":""},"class_list":["post-8","page","type-page","status-publish","hentry"],"_hostinger_reach_plugin_has_subscription_block":false,"_hostinger_reach_plugin_is_elementor":false,"_links":{"self":[{"href":"https:\/\/buildingdreamspreschool.org\/es\/wp-json\/wp\/v2\/pages\/8","targetHints":{"allow":["GET"]}}],"collection":[{"href":"https:\/\/buildingdreamspreschool.org\/es\/wp-json\/wp\/v2\/pages"}],"about":[{"href":"https:\/\/buildingdreamspreschool.org\/es\/wp-json\/wp\/v2\/types\/page"}],"author":[{"embeddable":true,"href":"https:\/\/buildingdreamspreschool.org\/es\/wp-json\/wp\/v2\/users\/1"}],"replies":[{"embeddable":true,"href":"https:\/\/buildingdreamspreschool.org\/es\/wp-json\/wp\/v2\/comments?post=8"}],"version-history":[{"count":5,"href":"https:\/\/buildingdreamspreschool.org\/es\/wp-json\/wp\/v2\/pages\/8\/revisions"}],"predecessor-version":[{"id":208,"href":"https:\/\/buildingdreamspreschool.org\/es\/wp-json\/wp\/v2\/pages\/8\/revisions\/208"}],"wp:attachment":[{"href":"https:\/\/buildingdreamspreschool.org\/es\/wp-json\/wp\/v2\/media?parent=8"}],"curies":[{"name":"wp","href":"https:\/\/api.w.org\/{rel}","templated":true}]}}